{"id":29846,"date":"2022-09-13T09:17:42","date_gmt":"2022-09-13T07:17:42","guid":{"rendered":"https:\/\/soldac-project.eu\/progetti-correlati\/"},"modified":"2023-02-22T10:27:20","modified_gmt":"2023-02-22T09:27:20","slug":"progetti-correlati","status":"publish","type":"page","link":"https:\/\/soldac-project.eu\/it\/progetti-correlati\/","title":{"rendered":"Progetti correlati"},"content":{"rendered":"\t\t<div data-elementor-type=\"wp-page\" data-elementor-id=\"29846\" class=\"elementor elementor-29846 elementor-28681\" data-elementor-post-type=\"page\">\n\t\t\t\t\t\t<section class=\"elementor-section elementor-top-section elementor-element elementor-element-a7d19aa elementor-section-full_width elementor-section-height-min-height elementor-hidden-mobile elementor-section-height-default elementor-section-items-middle\" data-id=\"a7d19aa\" data-element_type=\"section\" data-e-type=\"section\">\n\t\t\t\t\t\t<div class=\"elementor-container elementor-column-gap-default\">\n\t\t\t\t\t<div class=\"elementor-column elementor-col-100 elementor-top-column elementor-element elementor-element-39775c3\" data-id=\"39775c3\" data-element_type=\"column\" data-e-type=\"column\">\n\t\t\t<div class=\"elementor-widget-wrap elementor-element-populated\">\n\t\t\t\t\t\t<div class=\"elementor-element elementor-element-29db9f6 elementor-widget__width-auto elementor-absolute elementor-widget elementor-widget-image\" data-id=\"29db9f6\" data-element_type=\"widget\" data-e-type=\"widget\" data-settings=\"{&quot;_position&quot;:&quot;absolute&quot;}\" data-widget_type=\"image.default\">\n\t\t\t\t<div class=\"elementor-widget-container\">\n\t\t\t\t\t\t\t\t\t\t\t\t\t\t\t<img decoding=\"async\" src=\"https:\/\/soldac-project.eu\/wp-content\/uploads\/sites\/25\/2023\/02\/PROYECTOS-RELACIONADOS-1.png\" class=\"attachment-full size-full wp-image-29717\" alt=\"\" \/>\t\t\t\t\t\t\t\t\t\t\t\t\t\t\t<\/div>\n\t\t\t\t<\/div>\n\t\t\t\t\t<\/div>\n\t\t<\/div>\n\t\t\t\t\t<\/div>\n\t\t<\/section>\n\t\t\t\t<section class=\"elementor-section elementor-top-section elementor-element elementor-element-678d557 elementor-section-height-min-height elementor-section-boxed elementor-section-height-default elementor-section-items-middle\" data-id=\"678d557\" data-element_type=\"section\" data-e-type=\"section\" data-settings=\"{&quot;background_background&quot;:&quot;classic&quot;}\">\n\t\t\t\t\t\t\t<div class=\"elementor-background-overlay\"><\/div>\n\t\t\t\t\t\t\t<div class=\"elementor-container elementor-column-gap-default\">\n\t\t\t\t\t<div class=\"elementor-column elementor-col-100 elementor-top-column elementor-element elementor-element-2475cb7\" data-id=\"2475cb7\" data-element_type=\"column\" data-e-type=\"column\">\n\t\t\t<div class=\"elementor-widget-wrap elementor-element-populated\">\n\t\t\t\t\t\t<div class=\"elementor-element elementor-element-35a492e elementor-widget elementor-widget-heading\" data-id=\"35a492e\" data-element_type=\"widget\" data-e-type=\"widget\" data-widget_type=\"heading.default\">\n\t\t\t\t<div class=\"elementor-widget-container\">\n\t\t\t\t\t<h1 class=\"elementor-heading-title elementor-size-default\">Progetti correlati<\/h1>\t\t\t\t<\/div>\n\t\t\t\t<\/div>\n\t\t\t\t<div class=\"elementor-element elementor-element-c41a29a elementor-hidden-desktop elementor-hidden-tablet elementor-hidden-mobile elementor-widget elementor-widget-text-editor\" data-id=\"c41a29a\" data-element_type=\"widget\" data-e-type=\"widget\" data-widget_type=\"text-editor.default\">\n\t\t\t\t<div class=\"elementor-widget-container\">\n\t\t\t\t\t\t\t\t\t<p>At vero eos et accusamus et iusto odio dignissimos ducimus qui blanditiis praesentium voluptatum deleniti atque corrupti quos dolores et quas molestias excepturi sint occaecati cupiditate non provident, similique sunt in culpa qui officia deserunt mollitia animi, id est laborum et dolorum fuga.<\/p>\n\t\t\t\t\t\t\t\t<\/div>\n\t\t\t\t<\/div>\n\t\t\t\t\t<\/div>\n\t\t<\/div>\n\t\t\t\t\t<\/div>\n\t\t<\/section>\n\t\t\t\t<section class=\"elementor-section elementor-top-section elementor-element elementor-element-ed4e77c elementor-section-boxed elementor-section-height-default elementor-section-height-default\" data-id=\"ed4e77c\" data-element_type=\"section\" data-e-type=\"section\">\n\t\t\t\t\t\t<div class=\"elementor-container elementor-column-gap-default\">\n\t\t\t\t\t<div class=\"elementor-column elementor-col-50 elementor-top-column elementor-element elementor-element-bf7a8c0\" data-id=\"bf7a8c0\" data-element_type=\"column\" data-e-type=\"column\" data-settings=\"{&quot;background_background&quot;:&quot;classic&quot;}\">\n\t\t\t<div class=\"elementor-widget-wrap elementor-element-populated\">\n\t\t\t\t\t\t<div class=\"elementor-element elementor-element-8dc061b elementor-widget__width-auto elementor-widget elementor-widget-image\" data-id=\"8dc061b\" data-element_type=\"widget\" data-e-type=\"widget\" data-widget_type=\"image.default\">\n\t\t\t\t<div class=\"elementor-widget-container\">\n\t\t\t\t\t\t\t\t\t\t\t\t\t\t\t<img decoding=\"async\" width=\"237\" height=\"150\" src=\"https:\/\/soldac-project.eu\/wp-content\/uploads\/sites\/25\/2022\/09\/FlowPhotoChem_150HPNG.png\" class=\"attachment-large size-large wp-image-29707\" alt=\"\" \/>\t\t\t\t\t\t\t\t\t\t\t\t\t\t\t<\/div>\n\t\t\t\t<\/div>\n\t\t\t\t\t<\/div>\n\t\t<\/div>\n\t\t\t\t<div class=\"elementor-column elementor-col-50 elementor-top-column elementor-element elementor-element-d23cb9c\" data-id=\"d23cb9c\" data-element_type=\"column\" data-e-type=\"column\" data-settings=\"{&quot;background_background&quot;:&quot;classic&quot;}\">\n\t\t\t<div class=\"elementor-widget-wrap elementor-element-populated\">\n\t\t\t\t\t\t<div class=\"elementor-element elementor-element-bd1473c elementor-widget elementor-widget-heading\" data-id=\"bd1473c\" data-element_type=\"widget\" data-e-type=\"widget\" data-widget_type=\"heading.default\">\n\t\t\t\t<div class=\"elementor-widget-container\">\n\t\t\t\t\t<h2 class=\"elementor-heading-title elementor-size-default\">FlowPhotoChem<\/h2>\t\t\t\t<\/div>\n\t\t\t\t<\/div>\n\t\t\t\t<div class=\"elementor-element elementor-element-ce08554 elementor-widget elementor-widget-text-editor\" data-id=\"ce08554\" data-element_type=\"widget\" data-e-type=\"widget\" data-widget_type=\"text-editor.default\">\n\t\t\t\t<div class=\"elementor-widget-container\">\n\t\t\t\t\t\t\t\t\t<p>FlowPhotoChem \u00e8 un progetto di ricerca multinazionale finanziato dall&#8217;UE che sta sviluppando modi nuovi e migliori per produrre sostanze chimiche utilizzando l&#8217;anidride carbonica (CO2) e la luce solare. Esiste un grande potenziale per sostituire gran parte dei combustibili fossili utilizzati oggi per produrre combustibili e prodotti chimici utili, attraverso l&#8217;uso dell&#8217;energia solare e di catalizzatori avanzati per convertire la CO2 in, ad esempio, etilene, come precursore dell&#8217;anidride carbonica. FlowPhotoChem affronta le sfide chiave per raggiungere questo obiettivo: una gestione pi\u00f9 efficace della luce solare, reattori pi\u00f9 efficienti e catalizzatori pi\u00f9 duraturi.<\/p>\n\t\t\t\t\t\t\t\t<\/div>\n\t\t\t\t<\/div>\n\t\t\t\t<div class=\"elementor-element elementor-element-bfbf779 elementor-shape-circle e-grid-align-right elementor-absolute elementor-grid-0 elementor-widget elementor-widget-social-icons\" data-id=\"bfbf779\" data-element_type=\"widget\" data-e-type=\"widget\" data-settings=\"{&quot;_position&quot;:&quot;absolute&quot;}\" data-widget_type=\"social-icons.default\">\n\t\t\t\t<div class=\"elementor-widget-container\">\n\t\t\t\t\t\t\t<div class=\"elementor-social-icons-wrapper elementor-grid\" role=\"list\">\n\t\t\t\t\t\t\t<span class=\"elementor-grid-item\" role=\"listitem\">\n\t\t\t\t\t<a class=\"elementor-icon elementor-social-icon elementor-social-icon-link elementor-repeater-item-34219c4\" href=\"https:\/\/www.flowphotochem.eu\/\" target=\"_blank\">\n\t\t\t\t\t\t<span class=\"elementor-screen-only\">Link<\/span>\n\t\t\t\t\t\t<i aria-hidden=\"true\" class=\"fas fa-link\"><\/i>\t\t\t\t\t<\/a>\n\t\t\t\t<\/span>\n\t\t\t\t\t\t\t<span class=\"elementor-grid-item\" role=\"listitem\">\n\t\t\t\t\t<a class=\"elementor-icon elementor-social-icon elementor-social-icon-twitter elementor-repeater-item-576657c\" href=\"https:\/\/twitter.com\/flowphotochem\" target=\"_blank\">\n\t\t\t\t\t\t<span class=\"elementor-screen-only\">Twitter<\/span>\n\t\t\t\t\t\t<i aria-hidden=\"true\" class=\"fab fa-twitter\"><\/i>\t\t\t\t\t<\/a>\n\t\t\t\t<\/span>\n\t\t\t\t\t\t\t<span class=\"elementor-grid-item\" role=\"listitem\">\n\t\t\t\t\t<a class=\"elementor-icon elementor-social-icon elementor-social-icon-linkedin elementor-repeater-item-905eefe\" href=\"https:\/\/www.linkedin.com\/groups\/12454058\/\" target=\"_blank\">\n\t\t\t\t\t\t<span class=\"elementor-screen-only\">Linkedin<\/span>\n\t\t\t\t\t\t<i aria-hidden=\"true\" class=\"fab fa-linkedin\"><\/i>\t\t\t\t\t<\/a>\n\t\t\t\t<\/span>\n\t\t\t\t\t<\/div>\n\t\t\t\t\t\t<\/div>\n\t\t\t\t<\/div>\n\t\t\t\t\t<\/div>\n\t\t<\/div>\n\t\t\t\t\t<\/div>\n\t\t<\/section>\n\t\t\t\t<section class=\"elementor-section elementor-top-section elementor-element elementor-element-1b99505 elementor-section-boxed elementor-section-height-default elementor-section-height-default\" data-id=\"1b99505\" data-element_type=\"section\" data-e-type=\"section\">\n\t\t\t\t\t\t<div class=\"elementor-container elementor-column-gap-default\">\n\t\t\t\t\t<div class=\"elementor-column elementor-col-50 elementor-top-column elementor-element elementor-element-a9c005b\" data-id=\"a9c005b\" data-element_type=\"column\" data-e-type=\"column\" data-settings=\"{&quot;background_background&quot;:&quot;classic&quot;}\">\n\t\t\t<div class=\"elementor-widget-wrap elementor-element-populated\">\n\t\t\t\t\t\t<div class=\"elementor-element elementor-element-51b9d9c elementor-widget__width-auto elementor-widget elementor-widget-image\" data-id=\"51b9d9c\" data-element_type=\"widget\" data-e-type=\"widget\" data-widget_type=\"image.default\">\n\t\t\t\t<div class=\"elementor-widget-container\">\n\t\t\t\t\t\t\t\t\t\t\t\t\t\t\t<img fetchpriority=\"high\" decoding=\"async\" width=\"281\" height=\"222\" src=\"https:\/\/soldac-project.eu\/wp-content\/uploads\/sites\/25\/2022\/09\/SUN2CHEM-logo.png\" class=\"attachment-large size-large wp-image-29708\" alt=\"\" \/>\t\t\t\t\t\t\t\t\t\t\t\t\t\t\t<\/div>\n\t\t\t\t<\/div>\n\t\t\t\t\t<\/div>\n\t\t<\/div>\n\t\t\t\t<div class=\"elementor-column elementor-col-50 elementor-top-column elementor-element elementor-element-5439d75\" data-id=\"5439d75\" data-element_type=\"column\" data-e-type=\"column\" data-settings=\"{&quot;background_background&quot;:&quot;classic&quot;}\">\n\t\t\t<div class=\"elementor-widget-wrap elementor-element-populated\">\n\t\t\t\t\t\t<div class=\"elementor-element elementor-element-0fd9461 elementor-widget elementor-widget-heading\" data-id=\"0fd9461\" data-element_type=\"widget\" data-e-type=\"widget\" data-widget_type=\"heading.default\">\n\t\t\t\t<div class=\"elementor-widget-container\">\n\t\t\t\t\t<h2 class=\"elementor-heading-title elementor-size-default\">SUN2CHEM<\/h2>\t\t\t\t<\/div>\n\t\t\t\t<\/div>\n\t\t\t\t<div class=\"elementor-element elementor-element-3a0f06c elementor-widget elementor-widget-text-editor\" data-id=\"3a0f06c\" data-element_type=\"widget\" data-e-type=\"widget\" data-widget_type=\"text-editor.default\">\n\t\t\t\t<div class=\"elementor-widget-container\">\n\t\t\t\t\t\t\t\t\tSUN2CHEM \u00e8 un progetto di ricerca e innovazione che si svolger\u00e0 da ottobre 2020 a settembre 2023. Il progetto finanziato dall&#8217;UE riunisce 15 partner che lavorano su modi innovativi per convertire la luce solare in energia chimica immagazzinabile utilizzando la fotocatalisi e la fotoelettrocatalisi.\n\t\t\t\t\t\t\t\t<\/div>\n\t\t\t\t<\/div>\n\t\t\t\t<div class=\"elementor-element elementor-element-09b2467 elementor-shape-circle e-grid-align-right elementor-absolute elementor-grid-0 elementor-widget elementor-widget-social-icons\" data-id=\"09b2467\" data-element_type=\"widget\" data-e-type=\"widget\" data-settings=\"{&quot;_position&quot;:&quot;absolute&quot;}\" data-widget_type=\"social-icons.default\">\n\t\t\t\t<div class=\"elementor-widget-container\">\n\t\t\t\t\t\t\t<div class=\"elementor-social-icons-wrapper elementor-grid\" role=\"list\">\n\t\t\t\t\t\t\t<span class=\"elementor-grid-item\" role=\"listitem\">\n\t\t\t\t\t<a class=\"elementor-icon elementor-social-icon elementor-social-icon-link elementor-repeater-item-34219c4\" href=\"https:\/\/www.sun2chem.eu\/\" target=\"_blank\">\n\t\t\t\t\t\t<span class=\"elementor-screen-only\">Link<\/span>\n\t\t\t\t\t\t<i aria-hidden=\"true\" class=\"fas fa-link\"><\/i>\t\t\t\t\t<\/a>\n\t\t\t\t<\/span>\n\t\t\t\t\t\t\t<span class=\"elementor-grid-item\" role=\"listitem\">\n\t\t\t\t\t<a class=\"elementor-icon elementor-social-icon elementor-social-icon-linkedin elementor-repeater-item-905eefe\" href=\"https:\/\/www.linkedin.com\/company\/h2020-sun2chem\/\" target=\"_blank\">\n\t\t\t\t\t\t<span class=\"elementor-screen-only\">Linkedin<\/span>\n\t\t\t\t\t\t<i aria-hidden=\"true\" class=\"fab fa-linkedin\"><\/i>\t\t\t\t\t<\/a>\n\t\t\t\t<\/span>\n\t\t\t\t\t<\/div>\n\t\t\t\t\t\t<\/div>\n\t\t\t\t<\/div>\n\t\t\t\t\t<\/div>\n\t\t<\/div>\n\t\t\t\t\t<\/div>\n\t\t<\/section>\n\t\t\t\t<\/div>\n\t\t","protected":false},"excerpt":{"rendered":"<p>At vero eos et accusamus et iusto odio dignissimos ducimus qui blanditiis praesentium voluptatum deleniti atque corrupti quos dolores et quas molestias excepturi sint occaecati cupiditate non provident, similique sunt in culpa qui officia deserunt mollitia animi, id est laborum et dolorum fuga. FlowPhotoChem FlowPhotoChem \u00e8 un progetto di ricerca multinazionale finanziato dall&#8217;UE che sta &#8230; <a title=\"Progetti correlati\" class=\"read-more\" href=\"https:\/\/soldac-project.eu\/it\/progetti-correlati\/\" aria-label=\"Per saperne di pi\u00f9 su Progetti correlati\">Leggi tutto<\/a><\/p>\n","protected":false},"author":1,"featured_media":0,"parent":0,"menu_order":0,"comment_status":"closed","ping_status":"closed","template":"elementor_header_footer","meta":{"inline_featured_image":false,"footnotes":""},"class_list":["post-29846","page","type-page","status-publish"],"yoast_head":"<!-- This site is optimized with the Yoast SEO plugin v27.3 - https:\/\/yoast.com\/product\/yoast-seo-wordpress\/ -->\n<title>Progetti correlati - SolDAC<\/title>\n<meta name=\"robots\" content=\"index, follow, max-snippet:-1, max-image-preview:large, max-video-preview:-1\" \/>\n<link rel=\"canonical\" href=\"https:\/\/soldac-project.eu\/it\/progetti-correlati\/\" \/>\n<meta property=\"og:locale\" content=\"it_IT\" \/>\n<meta property=\"og:type\" content=\"article\" \/>\n<meta property=\"og:title\" content=\"Progetti correlati - SolDAC\" \/>\n<meta property=\"og:description\" content=\"At vero eos et accusamus et iusto odio dignissimos ducimus qui blanditiis praesentium voluptatum deleniti atque corrupti quos dolores et quas molestias excepturi sint occaecati cupiditate non provident, similique sunt in culpa qui officia deserunt mollitia animi, id est laborum et dolorum fuga. FlowPhotoChem FlowPhotoChem \u00e8 un progetto di ricerca multinazionale finanziato dall&#8217;UE che sta ... Leggi tutto\" \/>\n<meta property=\"og:url\" content=\"https:\/\/soldac-project.eu\/it\/progetti-correlati\/\" \/>\n<meta property=\"og:site_name\" content=\"SolDAC\" \/>\n<meta property=\"article:modified_time\" content=\"2023-02-22T09:27:20+00:00\" \/>\n<meta property=\"og:image\" content=\"https:\/\/soldac-project.eu\/wp-content\/uploads\/sites\/25\/2022\/09\/Titulos-secciones_PROYECTOS-RELACIONADOS.svg\" \/>\n<meta name=\"twitter:card\" content=\"summary_large_image\" \/>\n<meta name=\"twitter:label1\" content=\"Tempo di lettura stimato\" \/>\n\t<meta name=\"twitter:data1\" content=\"1 minuto\" \/>\n<script type=\"application\/ld+json\" class=\"yoast-schema-graph\">{\"@context\":\"https:\\\/\\\/schema.org\",\"@graph\":[{\"@type\":\"WebPage\",\"@id\":\"https:\\\/\\\/soldac-project.eu\\\/it\\\/progetti-correlati\\\/\",\"url\":\"https:\\\/\\\/soldac-project.eu\\\/it\\\/progetti-correlati\\\/\",\"name\":\"Progetti correlati - SolDAC\",\"isPartOf\":{\"@id\":\"https:\\\/\\\/soldac-project.eu\\\/it\\\/#website\"},\"primaryImageOfPage\":{\"@id\":\"https:\\\/\\\/soldac-project.eu\\\/it\\\/progetti-correlati\\\/#primaryimage\"},\"image\":{\"@id\":\"https:\\\/\\\/soldac-project.eu\\\/it\\\/progetti-correlati\\\/#primaryimage\"},\"thumbnailUrl\":\"https:\\\/\\\/soldac-project.eu\\\/wp-content\\\/uploads\\\/sites\\\/25\\\/2022\\\/09\\\/Titulos-secciones_PROYECTOS-RELACIONADOS.svg\",\"datePublished\":\"2022-09-13T07:17:42+00:00\",\"dateModified\":\"2023-02-22T09:27:20+00:00\",\"breadcrumb\":{\"@id\":\"https:\\\/\\\/soldac-project.eu\\\/it\\\/progetti-correlati\\\/#breadcrumb\"},\"inLanguage\":\"it-IT\",\"potentialAction\":[{\"@type\":\"ReadAction\",\"target\":[\"https:\\\/\\\/soldac-project.eu\\\/it\\\/progetti-correlati\\\/\"]}]},{\"@type\":\"ImageObject\",\"inLanguage\":\"it-IT\",\"@id\":\"https:\\\/\\\/soldac-project.eu\\\/it\\\/progetti-correlati\\\/#primaryimage\",\"url\":\"https:\\\/\\\/soldac-project.eu\\\/wp-content\\\/uploads\\\/sites\\\/25\\\/2022\\\/09\\\/Titulos-secciones_PROYECTOS-RELACIONADOS.svg\",\"contentUrl\":\"https:\\\/\\\/soldac-project.eu\\\/wp-content\\\/uploads\\\/sites\\\/25\\\/2022\\\/09\\\/Titulos-secciones_PROYECTOS-RELACIONADOS.svg\"},{\"@type\":\"BreadcrumbList\",\"@id\":\"https:\\\/\\\/soldac-project.eu\\\/it\\\/progetti-correlati\\\/#breadcrumb\",\"itemListElement\":[{\"@type\":\"ListItem\",\"position\":1,\"name\":\"Portada\",\"item\":\"https:\\\/\\\/soldac-project.eu\\\/it\\\/home\\\/\"},{\"@type\":\"ListItem\",\"position\":2,\"name\":\"Progetti correlati\"}]},{\"@type\":\"WebSite\",\"@id\":\"https:\\\/\\\/soldac-project.eu\\\/it\\\/#website\",\"url\":\"https:\\\/\\\/soldac-project.eu\\\/it\\\/\",\"name\":\"SolDAC\",\"description\":\"Full Spectrum Solar Direct Air Caputure &amp; Conversion\",\"publisher\":{\"@id\":\"https:\\\/\\\/soldac-project.eu\\\/it\\\/#organization\"},\"potentialAction\":[{\"@type\":\"SearchAction\",\"target\":{\"@type\":\"EntryPoint\",\"urlTemplate\":\"https:\\\/\\\/soldac-project.eu\\\/it\\\/?s={search_term_string}\"},\"query-input\":{\"@type\":\"PropertyValueSpecification\",\"valueRequired\":true,\"valueName\":\"search_term_string\"}}],\"inLanguage\":\"it-IT\"},{\"@type\":\"Organization\",\"@id\":\"https:\\\/\\\/soldac-project.eu\\\/it\\\/#organization\",\"name\":\"SolDAC\",\"url\":\"https:\\\/\\\/soldac-project.eu\\\/it\\\/\",\"logo\":{\"@type\":\"ImageObject\",\"inLanguage\":\"it-IT\",\"@id\":\"https:\\\/\\\/soldac-project.eu\\\/it\\\/#\\\/schema\\\/logo\\\/image\\\/\",\"url\":\"https:\\\/\\\/soldac-project.eu\\\/wp-content\\\/uploads\\\/sites\\\/25\\\/2022\\\/11\\\/SolDAC_Logo_RGB_COLOR.png\",\"contentUrl\":\"https:\\\/\\\/soldac-project.eu\\\/wp-content\\\/uploads\\\/sites\\\/25\\\/2022\\\/11\\\/SolDAC_Logo_RGB_COLOR.png\",\"width\":2084,\"height\":693,\"caption\":\"SolDAC\"},\"image\":{\"@id\":\"https:\\\/\\\/soldac-project.eu\\\/it\\\/#\\\/schema\\\/logo\\\/image\\\/\"}}]}<\/script>\n<!-- \/ Yoast SEO plugin. -->","yoast_head_json":{"title":"Progetti correlati - SolDAC","robots":{"index":"index","follow":"follow","max-snippet":"max-snippet:-1","max-image-preview":"max-image-preview:large","max-video-preview":"max-video-preview:-1"},"canonical":"https:\/\/soldac-project.eu\/it\/progetti-correlati\/","og_locale":"it_IT","og_type":"article","og_title":"Progetti correlati - SolDAC","og_description":"At vero eos et accusamus et iusto odio dignissimos ducimus qui blanditiis praesentium voluptatum deleniti atque corrupti quos dolores et quas molestias excepturi sint occaecati cupiditate non provident, similique sunt in culpa qui officia deserunt mollitia animi, id est laborum et dolorum fuga. FlowPhotoChem FlowPhotoChem \u00e8 un progetto di ricerca multinazionale finanziato dall&#8217;UE che sta ... Leggi tutto","og_url":"https:\/\/soldac-project.eu\/it\/progetti-correlati\/","og_site_name":"SolDAC","article_modified_time":"2023-02-22T09:27:20+00:00","og_image":[{"url":"https:\/\/soldac-project.eu\/wp-content\/uploads\/sites\/25\/2022\/09\/Titulos-secciones_PROYECTOS-RELACIONADOS.svg","type":"","width":"","height":""}],"twitter_card":"summary_large_image","twitter_misc":{"Tempo di lettura stimato":"1 minuto"},"schema":{"@context":"https:\/\/schema.org","@graph":[{"@type":"WebPage","@id":"https:\/\/soldac-project.eu\/it\/progetti-correlati\/","url":"https:\/\/soldac-project.eu\/it\/progetti-correlati\/","name":"Progetti correlati - SolDAC","isPartOf":{"@id":"https:\/\/soldac-project.eu\/it\/#website"},"primaryImageOfPage":{"@id":"https:\/\/soldac-project.eu\/it\/progetti-correlati\/#primaryimage"},"image":{"@id":"https:\/\/soldac-project.eu\/it\/progetti-correlati\/#primaryimage"},"thumbnailUrl":"https:\/\/soldac-project.eu\/wp-content\/uploads\/sites\/25\/2022\/09\/Titulos-secciones_PROYECTOS-RELACIONADOS.svg","datePublished":"2022-09-13T07:17:42+00:00","dateModified":"2023-02-22T09:27:20+00:00","breadcrumb":{"@id":"https:\/\/soldac-project.eu\/it\/progetti-correlati\/#breadcrumb"},"inLanguage":"it-IT","potentialAction":[{"@type":"ReadAction","target":["https:\/\/soldac-project.eu\/it\/progetti-correlati\/"]}]},{"@type":"ImageObject","inLanguage":"it-IT","@id":"https:\/\/soldac-project.eu\/it\/progetti-correlati\/#primaryimage","url":"https:\/\/soldac-project.eu\/wp-content\/uploads\/sites\/25\/2022\/09\/Titulos-secciones_PROYECTOS-RELACIONADOS.svg","contentUrl":"https:\/\/soldac-project.eu\/wp-content\/uploads\/sites\/25\/2022\/09\/Titulos-secciones_PROYECTOS-RELACIONADOS.svg"},{"@type":"BreadcrumbList","@id":"https:\/\/soldac-project.eu\/it\/progetti-correlati\/#breadcrumb","itemListElement":[{"@type":"ListItem","position":1,"name":"Portada","item":"https:\/\/soldac-project.eu\/it\/home\/"},{"@type":"ListItem","position":2,"name":"Progetti correlati"}]},{"@type":"WebSite","@id":"https:\/\/soldac-project.eu\/it\/#website","url":"https:\/\/soldac-project.eu\/it\/","name":"SolDAC","description":"Full Spectrum Solar Direct Air Caputure &amp; Conversion","publisher":{"@id":"https:\/\/soldac-project.eu\/it\/#organization"},"potentialAction":[{"@type":"SearchAction","target":{"@type":"EntryPoint","urlTemplate":"https:\/\/soldac-project.eu\/it\/?s={search_term_string}"},"query-input":{"@type":"PropertyValueSpecification","valueRequired":true,"valueName":"search_term_string"}}],"inLanguage":"it-IT"},{"@type":"Organization","@id":"https:\/\/soldac-project.eu\/it\/#organization","name":"SolDAC","url":"https:\/\/soldac-project.eu\/it\/","logo":{"@type":"ImageObject","inLanguage":"it-IT","@id":"https:\/\/soldac-project.eu\/it\/#\/schema\/logo\/image\/","url":"https:\/\/soldac-project.eu\/wp-content\/uploads\/sites\/25\/2022\/11\/SolDAC_Logo_RGB_COLOR.png","contentUrl":"https:\/\/soldac-project.eu\/wp-content\/uploads\/sites\/25\/2022\/11\/SolDAC_Logo_RGB_COLOR.png","width":2084,"height":693,"caption":"SolDAC"},"image":{"@id":"https:\/\/soldac-project.eu\/it\/#\/schema\/logo\/image\/"}}]}},"_links":{"self":[{"href":"https:\/\/soldac-project.eu\/it\/wp-json\/wp\/v2\/pages\/29846","targetHints":{"allow":["GET"]}}],"collection":[{"href":"https:\/\/soldac-project.eu\/it\/wp-json\/wp\/v2\/pages"}],"about":[{"href":"https:\/\/soldac-project.eu\/it\/wp-json\/wp\/v2\/types\/page"}],"author":[{"embeddable":true,"href":"https:\/\/soldac-project.eu\/it\/wp-json\/wp\/v2\/users\/1"}],"replies":[{"embeddable":true,"href":"https:\/\/soldac-project.eu\/it\/wp-json\/wp\/v2\/comments?post=29846"}],"version-history":[{"count":0,"href":"https:\/\/soldac-project.eu\/it\/wp-json\/wp\/v2\/pages\/29846\/revisions"}],"wp:attachment":[{"href":"https:\/\/soldac-project.eu\/it\/wp-json\/wp\/v2\/media?parent=29846"}],"curies":[{"name":"wp","href":"https:\/\/api.w.org\/{rel}","templated":true}]}}