{"id":30642,"date":"2023-10-18T09:25:35","date_gmt":"2023-10-18T07:25:35","guid":{"rendered":"https:\/\/soldac-project.eu\/mejores-practicas\/"},"modified":"2023-10-26T14:14:50","modified_gmt":"2023-10-26T12:14:50","slug":"mejores-practicas","status":"publish","type":"page","link":"https:\/\/soldac-project.eu\/es\/wiki\/mejores-practicas\/","title":{"rendered":"Mejores pr\u00e1cticas"},"content":{"rendered":"\t\t<div data-elementor-type=\"wp-page\" data-elementor-id=\"30642\" class=\"elementor elementor-30642 elementor-30332\" data-elementor-post-type=\"page\">\n\t\t\t\t\t\t<section class=\"elementor-section elementor-top-section elementor-element elementor-element-7b5c1b0 elementor-section-full_width elementor-section-height-min-height elementor-hidden-mobile elementor-section-height-default elementor-section-items-middle\" data-id=\"7b5c1b0\" data-element_type=\"section\" data-e-type=\"section\">\n\t\t\t\t\t\t<div class=\"elementor-container elementor-column-gap-default\">\n\t\t\t\t\t<div class=\"elementor-column elementor-col-100 elementor-top-column elementor-element elementor-element-730d4be\" data-id=\"730d4be\" data-element_type=\"column\" data-e-type=\"column\">\n\t\t\t<div class=\"elementor-widget-wrap elementor-element-populated\">\n\t\t\t\t\t\t<div class=\"elementor-element elementor-element-4b93a28 elementor-widget__width-auto elementor-absolute elementor-widget elementor-widget-image\" data-id=\"4b93a28\" data-element_type=\"widget\" data-e-type=\"widget\" data-settings=\"{&quot;_position&quot;:&quot;absolute&quot;}\" data-widget_type=\"image.default\">\n\t\t\t\t<div class=\"elementor-widget-container\">\n\t\t\t\t\t\t\t\t\t\t\t\t\t\t\t<img fetchpriority=\"high\" decoding=\"async\" width=\"806\" height=\"6705\" src=\"https:\/\/soldac-project.eu\/wp-content\/uploads\/sites\/25\/2023\/10\/Seccion-WIKI_Best-practices.png\" class=\"attachment-full size-full wp-image-30451\" alt=\"\" srcset=\"https:\/\/soldac-project.eu\/wp-content\/uploads\/sites\/25\/2023\/10\/Seccion-WIKI_Best-practices.png 806w, https:\/\/soldac-project.eu\/wp-content\/uploads\/sites\/25\/2023\/10\/Seccion-WIKI_Best-practices-36x300.png 36w, https:\/\/soldac-project.eu\/wp-content\/uploads\/sites\/25\/2023\/10\/Seccion-WIKI_Best-practices-123x1024.png 123w, https:\/\/soldac-project.eu\/wp-content\/uploads\/sites\/25\/2023\/10\/Seccion-WIKI_Best-practices-768x6389.png 768w\" sizes=\"(max-width: 806px) 100vw, 806px\" \/>\t\t\t\t\t\t\t\t\t\t\t\t\t\t\t<\/div>\n\t\t\t\t<\/div>\n\t\t\t\t\t<\/div>\n\t\t<\/div>\n\t\t\t\t\t<\/div>\n\t\t<\/section>\n\t\t\t\t<section class=\"elementor-section elementor-top-section elementor-element elementor-element-ecca497 elementor-section-height-min-height elementor-section-boxed elementor-section-height-default elementor-section-items-middle\" data-id=\"ecca497\" data-element_type=\"section\" data-e-type=\"section\" data-settings=\"{&quot;background_background&quot;:&quot;classic&quot;}\">\n\t\t\t\t\t\t\t<div class=\"elementor-background-overlay\"><\/div>\n\t\t\t\t\t\t\t<div class=\"elementor-container elementor-column-gap-default\">\n\t\t\t\t\t<div class=\"elementor-column elementor-col-100 elementor-top-column elementor-element elementor-element-936dc6b\" data-id=\"936dc6b\" data-element_type=\"column\" data-e-type=\"column\">\n\t\t\t<div class=\"elementor-widget-wrap elementor-element-populated\">\n\t\t\t\t\t\t<div class=\"elementor-element elementor-element-64c6113 elementor-widget elementor-widget-heading\" data-id=\"64c6113\" data-element_type=\"widget\" data-e-type=\"widget\" data-widget_type=\"heading.default\">\n\t\t\t\t<div class=\"elementor-widget-container\">\n\t\t\t\t\t<h1 class=\"elementor-heading-title elementor-size-default\">Mejores pr\u00e1cticas<\/h1>\t\t\t\t<\/div>\n\t\t\t\t<\/div>\n\t\t\t\t<div class=\"elementor-element elementor-element-8c790aa elementor-widget elementor-widget-text-editor\" data-id=\"8c790aa\" data-element_type=\"widget\" data-e-type=\"widget\" data-widget_type=\"text-editor.default\">\n\t\t\t\t<div class=\"elementor-widget-container\">\n\t\t\t\t\t\t\t\t\t<p>Las mejores pr\u00e1cticas son ejemplos recopilados durante la implementaci\u00f3n de SOLDAC y han demostrado ser relevantes y eficaces para lograr resultados exitosos; son t\u00e9cnicamente factibles, inherentemente participativas, replicables y adaptables, y reducen los impactos negativos.<\/p>\n\t\t\t\t\t\t\t\t<\/div>\n\t\t\t\t<\/div>\n\t\t\t\t\t<\/div>\n\t\t<\/div>\n\t\t\t\t\t<\/div>\n\t\t<\/section>\n\t\t\t\t<section class=\"elementor-section elementor-top-section elementor-element elementor-element-75fa378 elementor-reverse-mobile elementor-section-boxed elementor-section-height-default elementor-section-height-default elementor-invisible\" data-id=\"75fa378\" data-element_type=\"section\" data-e-type=\"section\" data-settings=\"{&quot;animation&quot;:&quot;fadeIn&quot;,&quot;background_background&quot;:&quot;classic&quot;}\">\n\t\t\t\t\t\t\t<div class=\"elementor-background-overlay\"><\/div>\n\t\t\t\t\t\t\t<div class=\"elementor-container elementor-column-gap-default\">\n\t\t\t\t\t<div class=\"elementor-column elementor-col-100 elementor-top-column elementor-element elementor-element-e05ff30\" data-id=\"e05ff30\" data-element_type=\"column\" data-e-type=\"column\">\n\t\t\t<div class=\"elementor-widget-wrap elementor-element-populated\">\n\t\t\t\t\t\t<div class=\"elementor-element elementor-element-e2cc64e elementor-widget elementor-widget-heading\" data-id=\"e2cc64e\" data-element_type=\"widget\" data-e-type=\"widget\" data-widget_type=\"heading.default\">\n\t\t\t\t<div class=\"elementor-widget-container\">\n\t\t\t\t\t<h2 class=\"elementor-heading-title elementor-size-default\">Responsible Research and Innovation (RRI)<\/h2>\t\t\t\t<\/div>\n\t\t\t\t<\/div>\n\t\t\t\t<div class=\"elementor-element elementor-element-d02baad elementor-widget elementor-widget-text-editor\" data-id=\"d02baad\" data-element_type=\"widget\" data-e-type=\"widget\" data-widget_type=\"text-editor.default\">\n\t\t\t\t<div class=\"elementor-widget-container\">\n\t\t\t\t\t\t\t\t\t<p>The RRI process has to start from the very beginning of the project in order to create a common understanding of the dimenssions among the partners and to define how RRI will be implemented throughout the project.<\/p>\n\t\t\t\t\t\t\t\t<\/div>\n\t\t\t\t<\/div>\n\t\t\t\t\t<\/div>\n\t\t<\/div>\n\t\t\t\t\t<\/div>\n\t\t<\/section>\n\t\t\t\t<section class=\"elementor-section elementor-top-section elementor-element elementor-element-3e693c6 elementor-reverse-mobile elementor-section-boxed elementor-section-height-default elementor-section-height-default elementor-invisible\" data-id=\"3e693c6\" data-element_type=\"section\" data-e-type=\"section\" data-settings=\"{&quot;animation&quot;:&quot;fadeIn&quot;,&quot;background_background&quot;:&quot;classic&quot;}\">\n\t\t\t\t\t\t\t<div class=\"elementor-background-overlay\"><\/div>\n\t\t\t\t\t\t\t<div class=\"elementor-container elementor-column-gap-default\">\n\t\t\t\t\t<div class=\"elementor-column elementor-col-100 elementor-top-column elementor-element elementor-element-6c83bd9\" data-id=\"6c83bd9\" data-element_type=\"column\" data-e-type=\"column\">\n\t\t\t<div class=\"elementor-widget-wrap elementor-element-populated\">\n\t\t\t\t\t\t<div class=\"elementor-element elementor-element-532e4a0 elementor-widget elementor-widget-heading\" data-id=\"532e4a0\" data-element_type=\"widget\" data-e-type=\"widget\" data-widget_type=\"heading.default\">\n\t\t\t\t<div class=\"elementor-widget-container\">\n\t\t\t\t\t<h2 class=\"elementor-heading-title elementor-size-default\">LCA-based ecodesign approach<\/h2>\t\t\t\t<\/div>\n\t\t\t\t<\/div>\n\t\t\t\t<div class=\"elementor-element elementor-element-7882c88 elementor-widget elementor-widget-text-editor\" data-id=\"7882c88\" data-element_type=\"widget\" data-e-type=\"widget\" data-widget_type=\"text-editor.default\">\n\t\t\t\t<div class=\"elementor-widget-container\">\n\t\t\t\t\t\t\t\t\t<p>When performing a streamlined LCA, the magnitude of the enviornmental impacts of each individual component of the proposed technology must be determined, in order to identify the ones with negligible impacts relative to the overall footprints. Doing this allows to propose ecodesign recommendations in a faster and more practical way.<\/p>\n\t\t\t\t\t\t\t\t<\/div>\n\t\t\t\t<\/div>\n\t\t\t\t\t<\/div>\n\t\t<\/div>\n\t\t\t\t\t<\/div>\n\t\t<\/section>\n\t\t\t\t<section class=\"elementor-section elementor-top-section elementor-element elementor-element-4af5aab elementor-section-height-min-height elementor-section-boxed elementor-section-height-default elementor-section-items-middle\" data-id=\"4af5aab\" data-element_type=\"section\" data-e-type=\"section\" data-settings=\"{&quot;background_background&quot;:&quot;classic&quot;}\">\n\t\t\t\t\t\t\t<div class=\"elementor-background-overlay\"><\/div>\n\t\t\t\t\t\t\t<div class=\"elementor-container elementor-column-gap-default\">\n\t\t\t\t\t<div class=\"elementor-column elementor-col-100 elementor-top-column elementor-element elementor-element-d47e935\" data-id=\"d47e935\" data-element_type=\"column\" data-e-type=\"column\">\n\t\t\t<div class=\"elementor-widget-wrap\">\n\t\t\t\t\t\t\t<\/div>\n\t\t<\/div>\n\t\t\t\t\t<\/div>\n\t\t<\/section>\n\t\t\t\t<\/div>\n\t\t","protected":false},"excerpt":{"rendered":"<p>Las mejores pr\u00e1cticas son ejemplos recopilados durante la implementaci\u00f3n de SOLDAC y han demostrado ser relevantes y eficaces para lograr resultados exitosos; son t\u00e9cnicamente factibles, inherentemente participativas, replicables y adaptables, y reducen los impactos negativos. Responsible Research and Innovation (RRI) The RRI process has to start from the very beginning of the project in order &#8230; <a title=\"Mejores pr\u00e1cticas\" class=\"read-more\" href=\"https:\/\/soldac-project.eu\/es\/wiki\/mejores-practicas\/\" aria-label=\"Leer m\u00e1s sobre Mejores pr\u00e1cticas\">Leer m\u00e1s<\/a><\/p>\n","protected":false},"author":1,"featured_media":0,"parent":30649,"menu_order":0,"comment_status":"closed","ping_status":"closed","template":"elementor_header_footer","meta":{"inline_featured_image":false,"footnotes":""},"class_list":["post-30642","page","type-page","status-publish"],"yoast_head":"<!-- This site is optimized with the Yoast SEO plugin v27.3 - https:\/\/yoast.com\/product\/yoast-seo-wordpress\/ -->\n<title>Mejores pr\u00e1cticas - SolDAC<\/title>\n<meta name=\"robots\" content=\"index, follow, max-snippet:-1, max-image-preview:large, max-video-preview:-1\" \/>\n<link rel=\"canonical\" href=\"https:\/\/soldac-project.eu\/es\/wiki\/mejores-practicas\/\" \/>\n<meta property=\"og:locale\" content=\"es_ES\" \/>\n<meta property=\"og:type\" content=\"article\" \/>\n<meta property=\"og:title\" content=\"Mejores pr\u00e1cticas - SolDAC\" \/>\n<meta property=\"og:description\" content=\"Las mejores pr\u00e1cticas son ejemplos recopilados durante la implementaci\u00f3n de SOLDAC y han demostrado ser relevantes y eficaces para lograr resultados exitosos; son t\u00e9cnicamente factibles, inherentemente participativas, replicables y adaptables, y reducen los impactos negativos. Responsible Research and Innovation (RRI) The RRI process has to start from the very beginning of the project in order ... Leer m\u00e1s\" \/>\n<meta property=\"og:url\" content=\"https:\/\/soldac-project.eu\/es\/wiki\/mejores-practicas\/\" \/>\n<meta property=\"og:site_name\" content=\"SolDAC\" \/>\n<meta property=\"article:modified_time\" content=\"2023-10-26T12:14:50+00:00\" \/>\n<meta property=\"og:image\" content=\"https:\/\/soldac-project.eu\/wp-content\/uploads\/sites\/25\/2023\/10\/Seccion-WIKI_Best-practices.png\" \/>\n<meta name=\"twitter:card\" content=\"summary_large_image\" \/>\n<meta name=\"twitter:label1\" content=\"Tiempo de lectura\" \/>\n\t<meta name=\"twitter:data1\" content=\"1 minuto\" \/>\n<script type=\"application\/ld+json\" class=\"yoast-schema-graph\">{\"@context\":\"https:\\\/\\\/schema.org\",\"@graph\":[{\"@type\":\"WebPage\",\"@id\":\"https:\\\/\\\/soldac-project.eu\\\/es\\\/wiki\\\/mejores-practicas\\\/\",\"url\":\"https:\\\/\\\/soldac-project.eu\\\/es\\\/wiki\\\/mejores-practicas\\\/\",\"name\":\"Mejores pr\u00e1cticas - SolDAC\",\"isPartOf\":{\"@id\":\"https:\\\/\\\/soldac-project.eu\\\/es\\\/#website\"},\"primaryImageOfPage\":{\"@id\":\"https:\\\/\\\/soldac-project.eu\\\/es\\\/wiki\\\/mejores-practicas\\\/#primaryimage\"},\"image\":{\"@id\":\"https:\\\/\\\/soldac-project.eu\\\/es\\\/wiki\\\/mejores-practicas\\\/#primaryimage\"},\"thumbnailUrl\":\"https:\\\/\\\/soldac-project.eu\\\/wp-content\\\/uploads\\\/sites\\\/25\\\/2023\\\/10\\\/Seccion-WIKI_Best-practices.png\",\"datePublished\":\"2023-10-18T07:25:35+00:00\",\"dateModified\":\"2023-10-26T12:14:50+00:00\",\"breadcrumb\":{\"@id\":\"https:\\\/\\\/soldac-project.eu\\\/es\\\/wiki\\\/mejores-practicas\\\/#breadcrumb\"},\"inLanguage\":\"es\",\"potentialAction\":[{\"@type\":\"ReadAction\",\"target\":[\"https:\\\/\\\/soldac-project.eu\\\/es\\\/wiki\\\/mejores-practicas\\\/\"]}]},{\"@type\":\"ImageObject\",\"inLanguage\":\"es\",\"@id\":\"https:\\\/\\\/soldac-project.eu\\\/es\\\/wiki\\\/mejores-practicas\\\/#primaryimage\",\"url\":\"https:\\\/\\\/soldac-project.eu\\\/wp-content\\\/uploads\\\/sites\\\/25\\\/2023\\\/10\\\/Seccion-WIKI_Best-practices.png\",\"contentUrl\":\"https:\\\/\\\/soldac-project.eu\\\/wp-content\\\/uploads\\\/sites\\\/25\\\/2023\\\/10\\\/Seccion-WIKI_Best-practices.png\"},{\"@type\":\"BreadcrumbList\",\"@id\":\"https:\\\/\\\/soldac-project.eu\\\/es\\\/wiki\\\/mejores-practicas\\\/#breadcrumb\",\"itemListElement\":[{\"@type\":\"ListItem\",\"position\":1,\"name\":\"Portada\",\"item\":\"https:\\\/\\\/soldac-project.eu\\\/es\\\/\"},{\"@type\":\"ListItem\",\"position\":2,\"name\":\"Wiki\",\"item\":\"https:\\\/\\\/soldac-project.eu\\\/es\\\/wiki\\\/\"},{\"@type\":\"ListItem\",\"position\":3,\"name\":\"Mejores pr\u00e1cticas\"}]},{\"@type\":\"WebSite\",\"@id\":\"https:\\\/\\\/soldac-project.eu\\\/es\\\/#website\",\"url\":\"https:\\\/\\\/soldac-project.eu\\\/es\\\/\",\"name\":\"SolDAC\",\"description\":\"Full Spectrum Solar Direct Air Caputure &amp; Conversion\",\"publisher\":{\"@id\":\"https:\\\/\\\/soldac-project.eu\\\/es\\\/#organization\"},\"potentialAction\":[{\"@type\":\"SearchAction\",\"target\":{\"@type\":\"EntryPoint\",\"urlTemplate\":\"https:\\\/\\\/soldac-project.eu\\\/es\\\/?s={search_term_string}\"},\"query-input\":{\"@type\":\"PropertyValueSpecification\",\"valueRequired\":true,\"valueName\":\"search_term_string\"}}],\"inLanguage\":\"es\"},{\"@type\":\"Organization\",\"@id\":\"https:\\\/\\\/soldac-project.eu\\\/es\\\/#organization\",\"name\":\"SolDAC\",\"url\":\"https:\\\/\\\/soldac-project.eu\\\/es\\\/\",\"logo\":{\"@type\":\"ImageObject\",\"inLanguage\":\"es\",\"@id\":\"https:\\\/\\\/soldac-project.eu\\\/es\\\/#\\\/schema\\\/logo\\\/image\\\/\",\"url\":\"https:\\\/\\\/soldac-project.eu\\\/wp-content\\\/uploads\\\/sites\\\/25\\\/2022\\\/11\\\/SolDAC_Logo_RGB_COLOR.png\",\"contentUrl\":\"https:\\\/\\\/soldac-project.eu\\\/wp-content\\\/uploads\\\/sites\\\/25\\\/2022\\\/11\\\/SolDAC_Logo_RGB_COLOR.png\",\"width\":2084,\"height\":693,\"caption\":\"SolDAC\"},\"image\":{\"@id\":\"https:\\\/\\\/soldac-project.eu\\\/es\\\/#\\\/schema\\\/logo\\\/image\\\/\"}}]}<\/script>\n<!-- \/ Yoast SEO plugin. -->","yoast_head_json":{"title":"Mejores pr\u00e1cticas - SolDAC","robots":{"index":"index","follow":"follow","max-snippet":"max-snippet:-1","max-image-preview":"max-image-preview:large","max-video-preview":"max-video-preview:-1"},"canonical":"https:\/\/soldac-project.eu\/es\/wiki\/mejores-practicas\/","og_locale":"es_ES","og_type":"article","og_title":"Mejores pr\u00e1cticas - SolDAC","og_description":"Las mejores pr\u00e1cticas son ejemplos recopilados durante la implementaci\u00f3n de SOLDAC y han demostrado ser relevantes y eficaces para lograr resultados exitosos; son t\u00e9cnicamente factibles, inherentemente participativas, replicables y adaptables, y reducen los impactos negativos. Responsible Research and Innovation (RRI) The RRI process has to start from the very beginning of the project in order ... Leer m\u00e1s","og_url":"https:\/\/soldac-project.eu\/es\/wiki\/mejores-practicas\/","og_site_name":"SolDAC","article_modified_time":"2023-10-26T12:14:50+00:00","og_image":[{"url":"https:\/\/soldac-project.eu\/wp-content\/uploads\/sites\/25\/2023\/10\/Seccion-WIKI_Best-practices.png","type":"","width":"","height":""}],"twitter_card":"summary_large_image","twitter_misc":{"Tiempo de lectura":"1 minuto"},"schema":{"@context":"https:\/\/schema.org","@graph":[{"@type":"WebPage","@id":"https:\/\/soldac-project.eu\/es\/wiki\/mejores-practicas\/","url":"https:\/\/soldac-project.eu\/es\/wiki\/mejores-practicas\/","name":"Mejores pr\u00e1cticas - SolDAC","isPartOf":{"@id":"https:\/\/soldac-project.eu\/es\/#website"},"primaryImageOfPage":{"@id":"https:\/\/soldac-project.eu\/es\/wiki\/mejores-practicas\/#primaryimage"},"image":{"@id":"https:\/\/soldac-project.eu\/es\/wiki\/mejores-practicas\/#primaryimage"},"thumbnailUrl":"https:\/\/soldac-project.eu\/wp-content\/uploads\/sites\/25\/2023\/10\/Seccion-WIKI_Best-practices.png","datePublished":"2023-10-18T07:25:35+00:00","dateModified":"2023-10-26T12:14:50+00:00","breadcrumb":{"@id":"https:\/\/soldac-project.eu\/es\/wiki\/mejores-practicas\/#breadcrumb"},"inLanguage":"es","potentialAction":[{"@type":"ReadAction","target":["https:\/\/soldac-project.eu\/es\/wiki\/mejores-practicas\/"]}]},{"@type":"ImageObject","inLanguage":"es","@id":"https:\/\/soldac-project.eu\/es\/wiki\/mejores-practicas\/#primaryimage","url":"https:\/\/soldac-project.eu\/wp-content\/uploads\/sites\/25\/2023\/10\/Seccion-WIKI_Best-practices.png","contentUrl":"https:\/\/soldac-project.eu\/wp-content\/uploads\/sites\/25\/2023\/10\/Seccion-WIKI_Best-practices.png"},{"@type":"BreadcrumbList","@id":"https:\/\/soldac-project.eu\/es\/wiki\/mejores-practicas\/#breadcrumb","itemListElement":[{"@type":"ListItem","position":1,"name":"Portada","item":"https:\/\/soldac-project.eu\/es\/"},{"@type":"ListItem","position":2,"name":"Wiki","item":"https:\/\/soldac-project.eu\/es\/wiki\/"},{"@type":"ListItem","position":3,"name":"Mejores pr\u00e1cticas"}]},{"@type":"WebSite","@id":"https:\/\/soldac-project.eu\/es\/#website","url":"https:\/\/soldac-project.eu\/es\/","name":"SolDAC","description":"Full Spectrum Solar Direct Air Caputure &amp; Conversion","publisher":{"@id":"https:\/\/soldac-project.eu\/es\/#organization"},"potentialAction":[{"@type":"SearchAction","target":{"@type":"EntryPoint","urlTemplate":"https:\/\/soldac-project.eu\/es\/?s={search_term_string}"},"query-input":{"@type":"PropertyValueSpecification","valueRequired":true,"valueName":"search_term_string"}}],"inLanguage":"es"},{"@type":"Organization","@id":"https:\/\/soldac-project.eu\/es\/#organization","name":"SolDAC","url":"https:\/\/soldac-project.eu\/es\/","logo":{"@type":"ImageObject","inLanguage":"es","@id":"https:\/\/soldac-project.eu\/es\/#\/schema\/logo\/image\/","url":"https:\/\/soldac-project.eu\/wp-content\/uploads\/sites\/25\/2022\/11\/SolDAC_Logo_RGB_COLOR.png","contentUrl":"https:\/\/soldac-project.eu\/wp-content\/uploads\/sites\/25\/2022\/11\/SolDAC_Logo_RGB_COLOR.png","width":2084,"height":693,"caption":"SolDAC"},"image":{"@id":"https:\/\/soldac-project.eu\/es\/#\/schema\/logo\/image\/"}}]}},"_links":{"self":[{"href":"https:\/\/soldac-project.eu\/es\/wp-json\/wp\/v2\/pages\/30642","targetHints":{"allow":["GET"]}}],"collection":[{"href":"https:\/\/soldac-project.eu\/es\/wp-json\/wp\/v2\/pages"}],"about":[{"href":"https:\/\/soldac-project.eu\/es\/wp-json\/wp\/v2\/types\/page"}],"author":[{"embeddable":true,"href":"https:\/\/soldac-project.eu\/es\/wp-json\/wp\/v2\/users\/1"}],"replies":[{"embeddable":true,"href":"https:\/\/soldac-project.eu\/es\/wp-json\/wp\/v2\/comments?post=30642"}],"version-history":[{"count":0,"href":"https:\/\/soldac-project.eu\/es\/wp-json\/wp\/v2\/pages\/30642\/revisions"}],"up":[{"embeddable":true,"href":"https:\/\/soldac-project.eu\/es\/wp-json\/wp\/v2\/pages\/30649"}],"wp:attachment":[{"href":"https:\/\/soldac-project.eu\/es\/wp-json\/wp\/v2\/media?parent=30642"}],"curies":[{"name":"wp","href":"https:\/\/api.w.org\/{rel}","templated":true}]}}