{"id":30628,"date":"2023-10-18T09:28:18","date_gmt":"2023-10-18T07:28:18","guid":{"rendered":"https:\/\/soldac-project.eu\/cambios-recientes\/"},"modified":"2023-10-26T14:15:07","modified_gmt":"2023-10-26T12:15:07","slug":"cambios-recientes","status":"publish","type":"page","link":"https:\/\/soldac-project.eu\/es\/wiki\/cambios-recientes\/","title":{"rendered":"Cambios recientes"},"content":{"rendered":"\t\t<div data-elementor-type=\"wp-page\" data-elementor-id=\"30628\" class=\"elementor elementor-30628 elementor-30338\" data-elementor-post-type=\"page\">\n\t\t\t\t\t\t<section class=\"elementor-section elementor-top-section elementor-element elementor-element-ed122e8 elementor-section-full_width elementor-section-height-min-height elementor-hidden-mobile elementor-section-height-default elementor-section-items-middle\" data-id=\"ed122e8\" data-element_type=\"section\" data-e-type=\"section\">\n\t\t\t\t\t\t<div class=\"elementor-container elementor-column-gap-default\">\n\t\t\t\t\t<div class=\"elementor-column elementor-col-100 elementor-top-column elementor-element elementor-element-4cd8ade\" data-id=\"4cd8ade\" data-element_type=\"column\" data-e-type=\"column\">\n\t\t\t<div class=\"elementor-widget-wrap elementor-element-populated\">\n\t\t\t\t\t\t<div class=\"elementor-element elementor-element-0f91375 elementor-widget__width-auto elementor-absolute elementor-widget elementor-widget-image\" data-id=\"0f91375\" data-element_type=\"widget\" data-e-type=\"widget\" data-settings=\"{&quot;_position&quot;:&quot;absolute&quot;}\" data-widget_type=\"image.default\">\n\t\t\t\t<div class=\"elementor-widget-container\">\n\t\t\t\t\t\t\t\t\t\t\t\t\t\t\t<img fetchpriority=\"high\" decoding=\"async\" width=\"805\" height=\"7216\" src=\"https:\/\/soldac-project.eu\/wp-content\/uploads\/sites\/25\/2023\/10\/Seccion-WIKI_Recent-changes.png\" class=\"attachment-full size-full wp-image-30460\" alt=\"\" srcset=\"https:\/\/soldac-project.eu\/wp-content\/uploads\/sites\/25\/2023\/10\/Seccion-WIKI_Recent-changes.png 805w, https:\/\/soldac-project.eu\/wp-content\/uploads\/sites\/25\/2023\/10\/Seccion-WIKI_Recent-changes-768x6884.png 768w\" sizes=\"(max-width: 805px) 100vw, 805px\" \/>\t\t\t\t\t\t\t\t\t\t\t\t\t\t\t<\/div>\n\t\t\t\t<\/div>\n\t\t\t\t\t<\/div>\n\t\t<\/div>\n\t\t\t\t\t<\/div>\n\t\t<\/section>\n\t\t\t\t<section class=\"elementor-section elementor-top-section elementor-element elementor-element-ae9cf15 elementor-section-height-min-height elementor-section-boxed elementor-section-height-default elementor-section-items-middle\" data-id=\"ae9cf15\" data-element_type=\"section\" data-e-type=\"section\" data-settings=\"{&quot;background_background&quot;:&quot;classic&quot;}\">\n\t\t\t\t\t\t\t<div class=\"elementor-background-overlay\"><\/div>\n\t\t\t\t\t\t\t<div class=\"elementor-container elementor-column-gap-default\">\n\t\t\t\t\t<div class=\"elementor-column elementor-col-100 elementor-top-column elementor-element elementor-element-d7f2e3d\" data-id=\"d7f2e3d\" data-element_type=\"column\" data-e-type=\"column\">\n\t\t\t<div class=\"elementor-widget-wrap elementor-element-populated\">\n\t\t\t\t\t\t<div class=\"elementor-element elementor-element-5b2928d elementor-widget elementor-widget-heading\" data-id=\"5b2928d\" data-element_type=\"widget\" data-e-type=\"widget\" data-widget_type=\"heading.default\">\n\t\t\t\t<div class=\"elementor-widget-container\">\n\t\t\t\t\t<h1 class=\"elementor-heading-title elementor-size-default\">Cambios recientes<\/h1>\t\t\t\t<\/div>\n\t\t\t\t<\/div>\n\t\t\t\t<div class=\"elementor-element elementor-element-75d49c0 elementor-widget elementor-widget-text-editor\" data-id=\"75d49c0\" data-element_type=\"widget\" data-e-type=\"widget\" data-widget_type=\"text-editor.default\">\n\t\t\t\t<div class=\"elementor-widget-container\">\n\t\t\t\t\t\t\t\t\t<p>Aqu\u00ed se muestran los \u00faltimos cambios realizados en la secci\u00f3n de wiki.<\/p>\n\t\t\t\t\t\t\t\t<\/div>\n\t\t\t\t<\/div>\n\t\t\t\t\t<\/div>\n\t\t<\/div>\n\t\t\t\t\t<\/div>\n\t\t<\/section>\n\t\t\t\t<section class=\"elementor-section elementor-top-section elementor-element elementor-element-e1674d5 elementor-section-boxed elementor-section-height-default elementor-section-height-default\" data-id=\"e1674d5\" data-element_type=\"section\" data-e-type=\"section\">\n\t\t\t\t\t\t<div class=\"elementor-container elementor-column-gap-default\">\n\t\t\t\t\t<div class=\"elementor-column elementor-col-100 elementor-top-column elementor-element elementor-element-06215aa\" data-id=\"06215aa\" data-element_type=\"column\" data-e-type=\"column\">\n\t\t\t<div class=\"elementor-widget-wrap elementor-element-populated\">\n\t\t\t\t\t\t<div class=\"elementor-element elementor-element-526001d elementor-widget elementor-widget-shortcode\" data-id=\"526001d\" data-element_type=\"widget\" data-e-type=\"widget\" data-widget_type=\"shortcode.default\">\n\t\t\t\t<div class=\"elementor-widget-container\">\n\t\t\t\t\t<h2><a href=\"https:\/\/soldac-project.eu\/es\/?p=31337\">Caracter\u00edsticas<\/a><\/h2><em>Last edit: 21 octubre 2024 14:03<\/em><\/br><\/br><h2><a href=\"https:\/\/soldac-project.eu\/es\/?p=30645\">Glosario<\/a><\/h2><em>Last edit: 21 octubre 2024 11:11<\/em><\/br><\/br><h2><a href=\"https:\/\/soldac-project.eu\/es\/?p=30633\">P\u00e1gina aleatoria<\/a><\/h2><em>Last edit: 26 octubre 2023 14:16<\/em><\/br><\/br><h2><a href=\"https:\/\/soldac-project.eu\/es\/?p=30628\">Cambios recientes<\/a><\/h2><em>Last edit: 26 octubre 2023 14:15<\/em><\/br><\/br><h2><a href=\"https:\/\/soldac-project.eu\/es\/?p=30634\">Procesos<\/a><\/h2><em>Last edit: 26 octubre 2023 14:14<\/em><\/br><\/br><h2><a href=\"https:\/\/soldac-project.eu\/es\/?p=30638\">Materiales<\/a><\/h2><em>Last edit: 26 octubre 2023 14:14<\/em><\/br><\/br><h2><a href=\"https:\/\/soldac-project.eu\/es\/?p=30642\">Mejores pr\u00e1cticas<\/a><\/h2><em>Last edit: 26 octubre 2023 14:14<\/em><\/br><\/br>\t\t<div class=\"elementor-shortcode\"><\/div>\n\t\t\t\t\t\t<\/div>\n\t\t\t\t<\/div>\n\t\t\t\t\t<\/div>\n\t\t<\/div>\n\t\t\t\t\t<\/div>\n\t\t<\/section>\n\t\t\t\t<section class=\"elementor-section elementor-top-section elementor-element elementor-element-5ad6076 elementor-section-height-min-height elementor-section-boxed elementor-section-height-default elementor-section-items-middle\" data-id=\"5ad6076\" data-element_type=\"section\" data-e-type=\"section\" data-settings=\"{&quot;background_background&quot;:&quot;classic&quot;}\">\n\t\t\t\t\t\t\t<div class=\"elementor-background-overlay\"><\/div>\n\t\t\t\t\t\t\t<div class=\"elementor-container elementor-column-gap-default\">\n\t\t\t\t\t<div class=\"elementor-column elementor-col-100 elementor-top-column elementor-element elementor-element-7f407ef\" data-id=\"7f407ef\" data-element_type=\"column\" data-e-type=\"column\">\n\t\t\t<div class=\"elementor-widget-wrap\">\n\t\t\t\t\t\t\t<\/div>\n\t\t<\/div>\n\t\t\t\t\t<\/div>\n\t\t<\/section>\n\t\t\t\t<\/div>\n\t\t","protected":false},"excerpt":{"rendered":"<p>Aqu\u00ed se muestran los \u00faltimos cambios realizados en la secci\u00f3n de wiki.<\/p>\n","protected":false},"author":1,"featured_media":0,"parent":30649,"menu_order":0,"comment_status":"closed","ping_status":"closed","template":"elementor_header_footer","meta":{"inline_featured_image":false,"footnotes":""},"class_list":["post-30628","page","type-page","status-publish"],"yoast_head":"<!-- This site is optimized with the Yoast SEO plugin v27.3 - https:\/\/yoast.com\/product\/yoast-seo-wordpress\/ -->\n<title>Cambios recientes - SolDAC<\/title>\n<meta name=\"robots\" content=\"index, follow, max-snippet:-1, max-image-preview:large, max-video-preview:-1\" \/>\n<link rel=\"canonical\" href=\"https:\/\/soldac-project.eu\/es\/wiki\/cambios-recientes\/\" \/>\n<meta property=\"og:locale\" content=\"es_ES\" \/>\n<meta property=\"og:type\" content=\"article\" \/>\n<meta property=\"og:title\" content=\"Cambios recientes - SolDAC\" \/>\n<meta property=\"og:description\" content=\"Aqu\u00ed se muestran los \u00faltimos cambios realizados en la secci\u00f3n de wiki.\" \/>\n<meta property=\"og:url\" content=\"https:\/\/soldac-project.eu\/es\/wiki\/cambios-recientes\/\" \/>\n<meta property=\"og:site_name\" content=\"SolDAC\" \/>\n<meta property=\"article:modified_time\" content=\"2023-10-26T12:15:07+00:00\" \/>\n<meta property=\"og:image\" content=\"https:\/\/soldac-project.eu\/wp-content\/uploads\/sites\/25\/2023\/10\/Seccion-WIKI_Recent-changes.png\" \/>\n<meta name=\"twitter:card\" content=\"summary_large_image\" \/>\n<meta name=\"twitter:label1\" content=\"Tiempo de lectura\" \/>\n\t<meta name=\"twitter:data1\" content=\"1 minuto\" \/>\n<script type=\"application\/ld+json\" class=\"yoast-schema-graph\">{\"@context\":\"https:\\\/\\\/schema.org\",\"@graph\":[{\"@type\":\"WebPage\",\"@id\":\"https:\\\/\\\/soldac-project.eu\\\/es\\\/wiki\\\/cambios-recientes\\\/\",\"url\":\"https:\\\/\\\/soldac-project.eu\\\/es\\\/wiki\\\/cambios-recientes\\\/\",\"name\":\"Cambios recientes - SolDAC\",\"isPartOf\":{\"@id\":\"https:\\\/\\\/soldac-project.eu\\\/es\\\/#website\"},\"primaryImageOfPage\":{\"@id\":\"https:\\\/\\\/soldac-project.eu\\\/es\\\/wiki\\\/cambios-recientes\\\/#primaryimage\"},\"image\":{\"@id\":\"https:\\\/\\\/soldac-project.eu\\\/es\\\/wiki\\\/cambios-recientes\\\/#primaryimage\"},\"thumbnailUrl\":\"https:\\\/\\\/soldac-project.eu\\\/wp-content\\\/uploads\\\/sites\\\/25\\\/2023\\\/10\\\/Seccion-WIKI_Recent-changes.png\",\"datePublished\":\"2023-10-18T07:28:18+00:00\",\"dateModified\":\"2023-10-26T12:15:07+00:00\",\"breadcrumb\":{\"@id\":\"https:\\\/\\\/soldac-project.eu\\\/es\\\/wiki\\\/cambios-recientes\\\/#breadcrumb\"},\"inLanguage\":\"es\",\"potentialAction\":[{\"@type\":\"ReadAction\",\"target\":[\"https:\\\/\\\/soldac-project.eu\\\/es\\\/wiki\\\/cambios-recientes\\\/\"]}]},{\"@type\":\"ImageObject\",\"inLanguage\":\"es\",\"@id\":\"https:\\\/\\\/soldac-project.eu\\\/es\\\/wiki\\\/cambios-recientes\\\/#primaryimage\",\"url\":\"https:\\\/\\\/soldac-project.eu\\\/wp-content\\\/uploads\\\/sites\\\/25\\\/2023\\\/10\\\/Seccion-WIKI_Recent-changes.png\",\"contentUrl\":\"https:\\\/\\\/soldac-project.eu\\\/wp-content\\\/uploads\\\/sites\\\/25\\\/2023\\\/10\\\/Seccion-WIKI_Recent-changes.png\"},{\"@type\":\"BreadcrumbList\",\"@id\":\"https:\\\/\\\/soldac-project.eu\\\/es\\\/wiki\\\/cambios-recientes\\\/#breadcrumb\",\"itemListElement\":[{\"@type\":\"ListItem\",\"position\":1,\"name\":\"Portada\",\"item\":\"https:\\\/\\\/soldac-project.eu\\\/es\\\/\"},{\"@type\":\"ListItem\",\"position\":2,\"name\":\"Wiki\",\"item\":\"https:\\\/\\\/soldac-project.eu\\\/es\\\/wiki\\\/\"},{\"@type\":\"ListItem\",\"position\":3,\"name\":\"Cambios recientes\"}]},{\"@type\":\"WebSite\",\"@id\":\"https:\\\/\\\/soldac-project.eu\\\/es\\\/#website\",\"url\":\"https:\\\/\\\/soldac-project.eu\\\/es\\\/\",\"name\":\"SolDAC\",\"description\":\"Full Spectrum Solar Direct Air Caputure &amp; Conversion\",\"publisher\":{\"@id\":\"https:\\\/\\\/soldac-project.eu\\\/es\\\/#organization\"},\"potentialAction\":[{\"@type\":\"SearchAction\",\"target\":{\"@type\":\"EntryPoint\",\"urlTemplate\":\"https:\\\/\\\/soldac-project.eu\\\/es\\\/?s={search_term_string}\"},\"query-input\":{\"@type\":\"PropertyValueSpecification\",\"valueRequired\":true,\"valueName\":\"search_term_string\"}}],\"inLanguage\":\"es\"},{\"@type\":\"Organization\",\"@id\":\"https:\\\/\\\/soldac-project.eu\\\/es\\\/#organization\",\"name\":\"SolDAC\",\"url\":\"https:\\\/\\\/soldac-project.eu\\\/es\\\/\",\"logo\":{\"@type\":\"ImageObject\",\"inLanguage\":\"es\",\"@id\":\"https:\\\/\\\/soldac-project.eu\\\/es\\\/#\\\/schema\\\/logo\\\/image\\\/\",\"url\":\"https:\\\/\\\/soldac-project.eu\\\/wp-content\\\/uploads\\\/sites\\\/25\\\/2022\\\/11\\\/SolDAC_Logo_RGB_COLOR.png\",\"contentUrl\":\"https:\\\/\\\/soldac-project.eu\\\/wp-content\\\/uploads\\\/sites\\\/25\\\/2022\\\/11\\\/SolDAC_Logo_RGB_COLOR.png\",\"width\":2084,\"height\":693,\"caption\":\"SolDAC\"},\"image\":{\"@id\":\"https:\\\/\\\/soldac-project.eu\\\/es\\\/#\\\/schema\\\/logo\\\/image\\\/\"}}]}<\/script>\n<!-- \/ Yoast SEO plugin. -->","yoast_head_json":{"title":"Cambios recientes - SolDAC","robots":{"index":"index","follow":"follow","max-snippet":"max-snippet:-1","max-image-preview":"max-image-preview:large","max-video-preview":"max-video-preview:-1"},"canonical":"https:\/\/soldac-project.eu\/es\/wiki\/cambios-recientes\/","og_locale":"es_ES","og_type":"article","og_title":"Cambios recientes - SolDAC","og_description":"Aqu\u00ed se muestran los \u00faltimos cambios realizados en la secci\u00f3n de wiki.","og_url":"https:\/\/soldac-project.eu\/es\/wiki\/cambios-recientes\/","og_site_name":"SolDAC","article_modified_time":"2023-10-26T12:15:07+00:00","og_image":[{"url":"https:\/\/soldac-project.eu\/wp-content\/uploads\/sites\/25\/2023\/10\/Seccion-WIKI_Recent-changes.png","type":"","width":"","height":""}],"twitter_card":"summary_large_image","twitter_misc":{"Tiempo de lectura":"1 minuto"},"schema":{"@context":"https:\/\/schema.org","@graph":[{"@type":"WebPage","@id":"https:\/\/soldac-project.eu\/es\/wiki\/cambios-recientes\/","url":"https:\/\/soldac-project.eu\/es\/wiki\/cambios-recientes\/","name":"Cambios recientes - SolDAC","isPartOf":{"@id":"https:\/\/soldac-project.eu\/es\/#website"},"primaryImageOfPage":{"@id":"https:\/\/soldac-project.eu\/es\/wiki\/cambios-recientes\/#primaryimage"},"image":{"@id":"https:\/\/soldac-project.eu\/es\/wiki\/cambios-recientes\/#primaryimage"},"thumbnailUrl":"https:\/\/soldac-project.eu\/wp-content\/uploads\/sites\/25\/2023\/10\/Seccion-WIKI_Recent-changes.png","datePublished":"2023-10-18T07:28:18+00:00","dateModified":"2023-10-26T12:15:07+00:00","breadcrumb":{"@id":"https:\/\/soldac-project.eu\/es\/wiki\/cambios-recientes\/#breadcrumb"},"inLanguage":"es","potentialAction":[{"@type":"ReadAction","target":["https:\/\/soldac-project.eu\/es\/wiki\/cambios-recientes\/"]}]},{"@type":"ImageObject","inLanguage":"es","@id":"https:\/\/soldac-project.eu\/es\/wiki\/cambios-recientes\/#primaryimage","url":"https:\/\/soldac-project.eu\/wp-content\/uploads\/sites\/25\/2023\/10\/Seccion-WIKI_Recent-changes.png","contentUrl":"https:\/\/soldac-project.eu\/wp-content\/uploads\/sites\/25\/2023\/10\/Seccion-WIKI_Recent-changes.png"},{"@type":"BreadcrumbList","@id":"https:\/\/soldac-project.eu\/es\/wiki\/cambios-recientes\/#breadcrumb","itemListElement":[{"@type":"ListItem","position":1,"name":"Portada","item":"https:\/\/soldac-project.eu\/es\/"},{"@type":"ListItem","position":2,"name":"Wiki","item":"https:\/\/soldac-project.eu\/es\/wiki\/"},{"@type":"ListItem","position":3,"name":"Cambios recientes"}]},{"@type":"WebSite","@id":"https:\/\/soldac-project.eu\/es\/#website","url":"https:\/\/soldac-project.eu\/es\/","name":"SolDAC","description":"Full Spectrum Solar Direct Air Caputure &amp; Conversion","publisher":{"@id":"https:\/\/soldac-project.eu\/es\/#organization"},"potentialAction":[{"@type":"SearchAction","target":{"@type":"EntryPoint","urlTemplate":"https:\/\/soldac-project.eu\/es\/?s={search_term_string}"},"query-input":{"@type":"PropertyValueSpecification","valueRequired":true,"valueName":"search_term_string"}}],"inLanguage":"es"},{"@type":"Organization","@id":"https:\/\/soldac-project.eu\/es\/#organization","name":"SolDAC","url":"https:\/\/soldac-project.eu\/es\/","logo":{"@type":"ImageObject","inLanguage":"es","@id":"https:\/\/soldac-project.eu\/es\/#\/schema\/logo\/image\/","url":"https:\/\/soldac-project.eu\/wp-content\/uploads\/sites\/25\/2022\/11\/SolDAC_Logo_RGB_COLOR.png","contentUrl":"https:\/\/soldac-project.eu\/wp-content\/uploads\/sites\/25\/2022\/11\/SolDAC_Logo_RGB_COLOR.png","width":2084,"height":693,"caption":"SolDAC"},"image":{"@id":"https:\/\/soldac-project.eu\/es\/#\/schema\/logo\/image\/"}}]}},"_links":{"self":[{"href":"https:\/\/soldac-project.eu\/es\/wp-json\/wp\/v2\/pages\/30628","targetHints":{"allow":["GET"]}}],"collection":[{"href":"https:\/\/soldac-project.eu\/es\/wp-json\/wp\/v2\/pages"}],"about":[{"href":"https:\/\/soldac-project.eu\/es\/wp-json\/wp\/v2\/types\/page"}],"author":[{"embeddable":true,"href":"https:\/\/soldac-project.eu\/es\/wp-json\/wp\/v2\/users\/1"}],"replies":[{"embeddable":true,"href":"https:\/\/soldac-project.eu\/es\/wp-json\/wp\/v2\/comments?post=30628"}],"version-history":[{"count":0,"href":"https:\/\/soldac-project.eu\/es\/wp-json\/wp\/v2\/pages\/30628\/revisions"}],"up":[{"embeddable":true,"href":"https:\/\/soldac-project.eu\/es\/wp-json\/wp\/v2\/pages\/30649"}],"wp:attachment":[{"href":"https:\/\/soldac-project.eu\/es\/wp-json\/wp\/v2\/media?parent=30628"}],"curies":[{"name":"wp","href":"https:\/\/api.w.org\/{rel}","templated":true}]}}