{"id":26751,"date":"2021-11-03T15:43:43","date_gmt":"2021-11-03T15:43:43","guid":{"rendered":"https:\/\/soldac.publishing.comet.technology\/?page_id=26751"},"modified":"2023-02-03T09:58:45","modified_gmt":"2023-02-03T08:58:45","slug":"lab-testing","status":"publish","type":"page","link":"https:\/\/soldac-project.eu\/es\/lab-testing\/","title":{"rendered":"Lab testing"},"content":{"rendered":"\t\t<div data-elementor-type=\"wp-page\" data-elementor-id=\"26751\" class=\"elementor elementor-26751\" data-elementor-post-type=\"page\">\n\t\t\t\t\t\t<section class=\"elementor-section elementor-top-section elementor-element elementor-element-42e32d0 elementor-section-full_width elementor-section-height-min-height elementor-hidden-mobile elementor-section-height-default elementor-section-items-middle\" data-id=\"42e32d0\" data-element_type=\"section\" data-e-type=\"section\">\n\t\t\t\t\t\t<div class=\"elementor-container elementor-column-gap-default\">\n\t\t\t\t\t<div class=\"elementor-column elementor-col-100 elementor-top-column elementor-element elementor-element-e2b90a1\" data-id=\"e2b90a1\" data-element_type=\"column\" data-e-type=\"column\">\n\t\t\t<div class=\"elementor-widget-wrap elementor-element-populated\">\n\t\t\t\t\t\t<div class=\"elementor-element elementor-element-78cf5bb elementor-widget__width-auto elementor-absolute elementor-widget elementor-widget-image\" data-id=\"78cf5bb\" data-element_type=\"widget\" data-e-type=\"widget\" data-settings=\"{&quot;_position&quot;:&quot;absolute&quot;}\" data-widget_type=\"image.default\">\n\t\t\t\t<div class=\"elementor-widget-container\">\n\t\t\t\t\t\t\t\t\t\t\t\t\t\t\t<img fetchpriority=\"high\" decoding=\"async\" width=\"403\" height=\"2796\" src=\"https:\/\/soldac-project.eu\/wp-content\/uploads\/sites\/25\/2022\/09\/Titulos-secciones_LAB-TESTING-v2.png\" class=\"attachment-full size-full wp-image-28853\" alt=\"\" srcset=\"https:\/\/soldac-project.eu\/wp-content\/uploads\/sites\/25\/2022\/09\/Titulos-secciones_LAB-TESTING-v2.png 403w, https:\/\/soldac-project.eu\/wp-content\/uploads\/sites\/25\/2022\/09\/Titulos-secciones_LAB-TESTING-v2-295x2048.png 295w\" sizes=\"(max-width: 403px) 100vw, 403px\" \/>\t\t\t\t\t\t\t\t\t\t\t\t\t\t\t<\/div>\n\t\t\t\t<\/div>\n\t\t\t\t\t<\/div>\n\t\t<\/div>\n\t\t\t\t\t<\/div>\n\t\t<\/section>\n\t\t\t\t<section class=\"elementor-section elementor-top-section elementor-element elementor-element-c9ab122 elementor-section-height-min-height elementor-section-boxed elementor-section-height-default elementor-section-items-middle\" data-id=\"c9ab122\" data-element_type=\"section\" data-e-type=\"section\" data-settings=\"{&quot;background_background&quot;:&quot;classic&quot;}\">\n\t\t\t\t\t\t\t<div class=\"elementor-background-overlay\"><\/div>\n\t\t\t\t\t\t\t<div class=\"elementor-container elementor-column-gap-default\">\n\t\t\t\t\t<div class=\"elementor-column elementor-col-100 elementor-top-column elementor-element elementor-element-0bbc956\" data-id=\"0bbc956\" data-element_type=\"column\" data-e-type=\"column\">\n\t\t\t<div class=\"elementor-widget-wrap elementor-element-populated\">\n\t\t\t\t\t\t<div class=\"elementor-element elementor-element-a0b416c elementor-widget elementor-widget-heading\" data-id=\"a0b416c\" data-element_type=\"widget\" data-e-type=\"widget\" data-widget_type=\"heading.default\">\n\t\t\t\t<div class=\"elementor-widget-container\">\n\t\t\t\t\t<h1 class=\"elementor-heading-title elementor-size-default\">Lab testing<\/h1>\t\t\t\t<\/div>\n\t\t\t\t<\/div>\n\t\t\t\t<div class=\"elementor-element elementor-element-a44de46 elementor-widget elementor-widget-text-editor\" data-id=\"a44de46\" data-element_type=\"widget\" data-e-type=\"widget\" data-widget_type=\"text-editor.default\">\n\t\t\t\t<div class=\"elementor-widget-container\">\n\t\t\t\t\t\t\t\t\t<p>Desarrollo de la infraestructura del laboratorio de validaci\u00f3n, integraci\u00f3n de componentes y ensayos completos del proceso SolDAC: infraestructura para la recolecci\u00f3n de luz solar, suministro de luz fr\u00eda y producci\u00f3n y almacenamiento de energ\u00eda t\u00e9rmica<\/p>\t\t\t\t\t\t\t\t<\/div>\n\t\t\t\t<\/div>\n\t\t\t\t\t<\/div>\n\t\t<\/div>\n\t\t\t\t\t<\/div>\n\t\t<\/section>\n\t\t\t\t<section class=\"elementor-section elementor-top-section elementor-element elementor-element-c59642b elementor-section-boxed elementor-section-height-default elementor-section-height-default\" data-id=\"c59642b\" data-element_type=\"section\" data-e-type=\"section\" data-settings=\"{&quot;background_background&quot;:&quot;classic&quot;}\">\n\t\t\t\t\t\t\t<div class=\"elementor-background-overlay\"><\/div>\n\t\t\t\t\t\t\t<div class=\"elementor-container elementor-column-gap-default\">\n\t\t\t\t\t<div class=\"elementor-column elementor-col-100 elementor-top-column elementor-element elementor-element-c520b2e\" data-id=\"c520b2e\" data-element_type=\"column\" data-e-type=\"column\">\n\t\t\t<div class=\"elementor-widget-wrap elementor-element-populated\">\n\t\t\t\t\t\t<div class=\"elementor-element elementor-element-a440997 elementor-widget elementor-widget-image\" data-id=\"a440997\" data-element_type=\"widget\" data-e-type=\"widget\" data-widget_type=\"image.default\">\n\t\t\t\t<div class=\"elementor-widget-container\">\n\t\t\t\t\t\t\t\t\t\t\t\t\t\t\t<img decoding=\"async\" width=\"1024\" height=\"578\" src=\"https:\/\/soldac-project.eu\/wp-content\/uploads\/sites\/25\/2022\/09\/Lab-testing-graph-1024x578.png\" class=\"attachment-large size-large wp-image-28796\" alt=\"\" srcset=\"https:\/\/soldac-project.eu\/wp-content\/uploads\/sites\/25\/2022\/09\/Lab-testing-graph-1024x578.png 1024w, https:\/\/soldac-project.eu\/wp-content\/uploads\/sites\/25\/2022\/09\/Lab-testing-graph-300x169.png 300w, https:\/\/soldac-project.eu\/wp-content\/uploads\/sites\/25\/2022\/09\/Lab-testing-graph-768x434.png 768w, https:\/\/soldac-project.eu\/wp-content\/uploads\/sites\/25\/2022\/09\/Lab-testing-graph-1536x867.png 1536w, https:\/\/soldac-project.eu\/wp-content\/uploads\/sites\/25\/2022\/09\/Lab-testing-graph-2048x1157.png 2048w, https:\/\/soldac-project.eu\/wp-content\/uploads\/sites\/25\/2022\/09\/Lab-testing-graph-1600x904.png 1600w\" sizes=\"(max-width: 1024px) 100vw, 1024px\" \/>\t\t\t\t\t\t\t\t\t\t\t\t\t\t\t<\/div>\n\t\t\t\t<\/div>\n\t\t\t\t\t<\/div>\n\t\t<\/div>\n\t\t\t\t\t<\/div>\n\t\t<\/section>\n\t\t\t\t<\/div>\n\t\t","protected":false},"excerpt":{"rendered":"<p>Desarrollo de la infraestructura del laboratorio de validaci\u00f3n, integraci\u00f3n de componentes y ensayos completos del proceso SolDAC: infraestructura para la recolecci\u00f3n de luz solar, suministro de luz fr\u00eda y producci\u00f3n y almacenamiento de energ\u00eda t\u00e9rmica<\/p>\n","protected":false},"author":1,"featured_media":0,"parent":0,"menu_order":0,"comment_status":"closed","ping_status":"closed","template":"elementor_header_footer","meta":{"inline_featured_image":false,"footnotes":""},"class_list":["post-26751","page","type-page","status-publish"],"yoast_head":"<!-- This site is optimized with the Yoast SEO plugin v27.3 - https:\/\/yoast.com\/product\/yoast-seo-wordpress\/ -->\n<title>Lab testing - SolDAC<\/title>\n<meta name=\"robots\" content=\"index, follow, max-snippet:-1, max-image-preview:large, max-video-preview:-1\" \/>\n<link rel=\"canonical\" href=\"https:\/\/soldac-project.eu\/es\/lab-testing\/\" \/>\n<meta property=\"og:locale\" content=\"es_ES\" \/>\n<meta property=\"og:type\" content=\"article\" \/>\n<meta property=\"og:title\" content=\"Lab testing - SolDAC\" \/>\n<meta property=\"og:description\" content=\"Desarrollo de la infraestructura del laboratorio de validaci\u00f3n, integraci\u00f3n de componentes y ensayos completos del proceso SolDAC: infraestructura para la recolecci\u00f3n de luz solar, suministro de luz fr\u00eda y producci\u00f3n y almacenamiento de energ\u00eda t\u00e9rmica\" \/>\n<meta property=\"og:url\" content=\"https:\/\/soldac-project.eu\/es\/lab-testing\/\" \/>\n<meta property=\"og:site_name\" content=\"SolDAC\" \/>\n<meta property=\"article:modified_time\" content=\"2023-02-03T08:58:45+00:00\" \/>\n<meta property=\"og:image\" content=\"https:\/\/soldac-project.eu\/wp-content\/uploads\/sites\/25\/2022\/09\/Titulos-secciones_LAB-TESTING-v2.png\" \/>\n<meta name=\"twitter:card\" content=\"summary_large_image\" \/>\n<meta name=\"twitter:label1\" content=\"Tiempo de lectura\" \/>\n\t<meta name=\"twitter:data1\" content=\"1 minuto\" \/>\n<script type=\"application\/ld+json\" class=\"yoast-schema-graph\">{\"@context\":\"https:\\\/\\\/schema.org\",\"@graph\":[{\"@type\":\"WebPage\",\"@id\":\"https:\\\/\\\/soldac-project.eu\\\/es\\\/lab-testing\\\/\",\"url\":\"https:\\\/\\\/soldac-project.eu\\\/es\\\/lab-testing\\\/\",\"name\":\"Lab testing - SolDAC\",\"isPartOf\":{\"@id\":\"https:\\\/\\\/soldac-project.eu\\\/es\\\/#website\"},\"primaryImageOfPage\":{\"@id\":\"https:\\\/\\\/soldac-project.eu\\\/es\\\/lab-testing\\\/#primaryimage\"},\"image\":{\"@id\":\"https:\\\/\\\/soldac-project.eu\\\/es\\\/lab-testing\\\/#primaryimage\"},\"thumbnailUrl\":\"https:\\\/\\\/soldac-project.eu\\\/wp-content\\\/uploads\\\/sites\\\/25\\\/2022\\\/09\\\/Titulos-secciones_LAB-TESTING-v2.png\",\"datePublished\":\"2021-11-03T15:43:43+00:00\",\"dateModified\":\"2023-02-03T08:58:45+00:00\",\"breadcrumb\":{\"@id\":\"https:\\\/\\\/soldac-project.eu\\\/es\\\/lab-testing\\\/#breadcrumb\"},\"inLanguage\":\"es\",\"potentialAction\":[{\"@type\":\"ReadAction\",\"target\":[\"https:\\\/\\\/soldac-project.eu\\\/es\\\/lab-testing\\\/\"]}]},{\"@type\":\"ImageObject\",\"inLanguage\":\"es\",\"@id\":\"https:\\\/\\\/soldac-project.eu\\\/es\\\/lab-testing\\\/#primaryimage\",\"url\":\"https:\\\/\\\/soldac-project.eu\\\/wp-content\\\/uploads\\\/sites\\\/25\\\/2022\\\/09\\\/Titulos-secciones_LAB-TESTING-v2.png\",\"contentUrl\":\"https:\\\/\\\/soldac-project.eu\\\/wp-content\\\/uploads\\\/sites\\\/25\\\/2022\\\/09\\\/Titulos-secciones_LAB-TESTING-v2.png\"},{\"@type\":\"BreadcrumbList\",\"@id\":\"https:\\\/\\\/soldac-project.eu\\\/es\\\/lab-testing\\\/#breadcrumb\",\"itemListElement\":[{\"@type\":\"ListItem\",\"position\":1,\"name\":\"Portada\",\"item\":\"https:\\\/\\\/soldac-project.eu\\\/es\\\/\"},{\"@type\":\"ListItem\",\"position\":2,\"name\":\"Lab testing\"}]},{\"@type\":\"WebSite\",\"@id\":\"https:\\\/\\\/soldac-project.eu\\\/es\\\/#website\",\"url\":\"https:\\\/\\\/soldac-project.eu\\\/es\\\/\",\"name\":\"SolDAC\",\"description\":\"Full Spectrum Solar Direct Air Caputure &amp; Conversion\",\"publisher\":{\"@id\":\"https:\\\/\\\/soldac-project.eu\\\/es\\\/#organization\"},\"potentialAction\":[{\"@type\":\"SearchAction\",\"target\":{\"@type\":\"EntryPoint\",\"urlTemplate\":\"https:\\\/\\\/soldac-project.eu\\\/es\\\/?s={search_term_string}\"},\"query-input\":{\"@type\":\"PropertyValueSpecification\",\"valueRequired\":true,\"valueName\":\"search_term_string\"}}],\"inLanguage\":\"es\"},{\"@type\":\"Organization\",\"@id\":\"https:\\\/\\\/soldac-project.eu\\\/es\\\/#organization\",\"name\":\"SolDAC\",\"url\":\"https:\\\/\\\/soldac-project.eu\\\/es\\\/\",\"logo\":{\"@type\":\"ImageObject\",\"inLanguage\":\"es\",\"@id\":\"https:\\\/\\\/soldac-project.eu\\\/es\\\/#\\\/schema\\\/logo\\\/image\\\/\",\"url\":\"https:\\\/\\\/soldac-project.eu\\\/wp-content\\\/uploads\\\/sites\\\/25\\\/2022\\\/11\\\/SolDAC_Logo_RGB_COLOR.png\",\"contentUrl\":\"https:\\\/\\\/soldac-project.eu\\\/wp-content\\\/uploads\\\/sites\\\/25\\\/2022\\\/11\\\/SolDAC_Logo_RGB_COLOR.png\",\"width\":2084,\"height\":693,\"caption\":\"SolDAC\"},\"image\":{\"@id\":\"https:\\\/\\\/soldac-project.eu\\\/es\\\/#\\\/schema\\\/logo\\\/image\\\/\"}}]}<\/script>\n<!-- \/ Yoast SEO plugin. -->","yoast_head_json":{"title":"Lab testing - SolDAC","robots":{"index":"index","follow":"follow","max-snippet":"max-snippet:-1","max-image-preview":"max-image-preview:large","max-video-preview":"max-video-preview:-1"},"canonical":"https:\/\/soldac-project.eu\/es\/lab-testing\/","og_locale":"es_ES","og_type":"article","og_title":"Lab testing - SolDAC","og_description":"Desarrollo de la infraestructura del laboratorio de validaci\u00f3n, integraci\u00f3n de componentes y ensayos completos del proceso SolDAC: infraestructura para la recolecci\u00f3n de luz solar, suministro de luz fr\u00eda y producci\u00f3n y almacenamiento de energ\u00eda t\u00e9rmica","og_url":"https:\/\/soldac-project.eu\/es\/lab-testing\/","og_site_name":"SolDAC","article_modified_time":"2023-02-03T08:58:45+00:00","og_image":[{"url":"https:\/\/soldac-project.eu\/wp-content\/uploads\/sites\/25\/2022\/09\/Titulos-secciones_LAB-TESTING-v2.png","type":"","width":"","height":""}],"twitter_card":"summary_large_image","twitter_misc":{"Tiempo de lectura":"1 minuto"},"schema":{"@context":"https:\/\/schema.org","@graph":[{"@type":"WebPage","@id":"https:\/\/soldac-project.eu\/es\/lab-testing\/","url":"https:\/\/soldac-project.eu\/es\/lab-testing\/","name":"Lab testing - SolDAC","isPartOf":{"@id":"https:\/\/soldac-project.eu\/es\/#website"},"primaryImageOfPage":{"@id":"https:\/\/soldac-project.eu\/es\/lab-testing\/#primaryimage"},"image":{"@id":"https:\/\/soldac-project.eu\/es\/lab-testing\/#primaryimage"},"thumbnailUrl":"https:\/\/soldac-project.eu\/wp-content\/uploads\/sites\/25\/2022\/09\/Titulos-secciones_LAB-TESTING-v2.png","datePublished":"2021-11-03T15:43:43+00:00","dateModified":"2023-02-03T08:58:45+00:00","breadcrumb":{"@id":"https:\/\/soldac-project.eu\/es\/lab-testing\/#breadcrumb"},"inLanguage":"es","potentialAction":[{"@type":"ReadAction","target":["https:\/\/soldac-project.eu\/es\/lab-testing\/"]}]},{"@type":"ImageObject","inLanguage":"es","@id":"https:\/\/soldac-project.eu\/es\/lab-testing\/#primaryimage","url":"https:\/\/soldac-project.eu\/wp-content\/uploads\/sites\/25\/2022\/09\/Titulos-secciones_LAB-TESTING-v2.png","contentUrl":"https:\/\/soldac-project.eu\/wp-content\/uploads\/sites\/25\/2022\/09\/Titulos-secciones_LAB-TESTING-v2.png"},{"@type":"BreadcrumbList","@id":"https:\/\/soldac-project.eu\/es\/lab-testing\/#breadcrumb","itemListElement":[{"@type":"ListItem","position":1,"name":"Portada","item":"https:\/\/soldac-project.eu\/es\/"},{"@type":"ListItem","position":2,"name":"Lab testing"}]},{"@type":"WebSite","@id":"https:\/\/soldac-project.eu\/es\/#website","url":"https:\/\/soldac-project.eu\/es\/","name":"SolDAC","description":"Full Spectrum Solar Direct Air Caputure &amp; Conversion","publisher":{"@id":"https:\/\/soldac-project.eu\/es\/#organization"},"potentialAction":[{"@type":"SearchAction","target":{"@type":"EntryPoint","urlTemplate":"https:\/\/soldac-project.eu\/es\/?s={search_term_string}"},"query-input":{"@type":"PropertyValueSpecification","valueRequired":true,"valueName":"search_term_string"}}],"inLanguage":"es"},{"@type":"Organization","@id":"https:\/\/soldac-project.eu\/es\/#organization","name":"SolDAC","url":"https:\/\/soldac-project.eu\/es\/","logo":{"@type":"ImageObject","inLanguage":"es","@id":"https:\/\/soldac-project.eu\/es\/#\/schema\/logo\/image\/","url":"https:\/\/soldac-project.eu\/wp-content\/uploads\/sites\/25\/2022\/11\/SolDAC_Logo_RGB_COLOR.png","contentUrl":"https:\/\/soldac-project.eu\/wp-content\/uploads\/sites\/25\/2022\/11\/SolDAC_Logo_RGB_COLOR.png","width":2084,"height":693,"caption":"SolDAC"},"image":{"@id":"https:\/\/soldac-project.eu\/es\/#\/schema\/logo\/image\/"}}]}},"_links":{"self":[{"href":"https:\/\/soldac-project.eu\/es\/wp-json\/wp\/v2\/pages\/26751","targetHints":{"allow":["GET"]}}],"collection":[{"href":"https:\/\/soldac-project.eu\/es\/wp-json\/wp\/v2\/pages"}],"about":[{"href":"https:\/\/soldac-project.eu\/es\/wp-json\/wp\/v2\/types\/page"}],"author":[{"embeddable":true,"href":"https:\/\/soldac-project.eu\/es\/wp-json\/wp\/v2\/users\/1"}],"replies":[{"embeddable":true,"href":"https:\/\/soldac-project.eu\/es\/wp-json\/wp\/v2\/comments?post=26751"}],"version-history":[{"count":0,"href":"https:\/\/soldac-project.eu\/es\/wp-json\/wp\/v2\/pages\/26751\/revisions"}],"wp:attachment":[{"href":"https:\/\/soldac-project.eu\/es\/wp-json\/wp\/v2\/media?parent=26751"}],"curies":[{"name":"wp","href":"https:\/\/api.w.org\/{rel}","templated":true}]}}